{"id":80,"date":"2025-01-13T18:30:24","date_gmt":"2025-01-13T18:30:24","guid":{"rendered":"https:\/\/dsg5217a.mmiweb.iut-tlse3.fr\/?page_id=80"},"modified":"2025-01-14T18:19:02","modified_gmt":"2025-01-14T18:19:02","slug":"accueil","status":"publish","type":"page","link":"https:\/\/dsg5217a.mmiweb.iut-tlse3.fr\/","title":{"rendered":"Accueil"},"content":{"rendered":"\t\t<div data-elementor-type=\"wp-page\" data-elementor-id=\"80\" class=\"elementor elementor-80\" data-elementor-post-type=\"page\">\n\t\t\t\t<div class=\"elementor-element elementor-element-93bde44 e-con-full e-flex e-con e-parent\" data-id=\"93bde44\" data-element_type=\"container\">\n\t\t<div class=\"elementor-element elementor-element-104ca10 e-con-full e-flex e-con e-child\" data-id=\"104ca10\" data-element_type=\"container\">\n\t\t\t\t<div class=\"elementor-element elementor-element-14734a0 elementor-widget elementor-widget-heading\" data-id=\"14734a0\" data-element_type=\"widget\" data-widget_type=\"heading.default\">\n\t\t\t\t<div class=\"elementor-widget-container\">\n\t\t\t\t\t<h1 class=\"elementor-heading-title elementor-size-default\">Les meilleurs des fruits et l\u00e9gumes \u00e0 petits prix !<\/h1>\t\t\t\t<\/div>\n\t\t\t\t<\/div>\n\t\t\t\t<\/div>\n\t\t<div class=\"elementor-element elementor-element-4f314e4 e-con-full e-flex e-con e-child\" data-id=\"4f314e4\" data-element_type=\"container\">\n\t\t\t\t<div class=\"elementor-element elementor-element-f97b551 elementor-widget-divider--view-line elementor-widget elementor-widget-divider\" data-id=\"f97b551\" data-element_type=\"widget\" data-widget_type=\"divider.default\">\n\t\t\t\t<div class=\"elementor-widget-container\">\n\t\t\t\t\t\t\t<div class=\"elementor-divider\">\n\t\t\t<span class=\"elementor-divider-separator\">\n\t\t\t\t\t\t<\/span>\n\t\t<\/div>\n\t\t\t\t\t\t<\/div>\n\t\t\t\t<\/div>\n\t\t\t\t<div class=\"elementor-element elementor-element-b984c88 elementor-headline--style-highlight elementor-widget elementor-widget-animated-headline\" data-id=\"b984c88\" data-element_type=\"widget\" data-settings=\"{&quot;marker&quot;:&quot;underline_zigzag&quot;,&quot;highlighted_text&quot;:&quot;ventes !&quot;,&quot;headline_style&quot;:&quot;highlight&quot;,&quot;highlight_animation_duration&quot;:1200}\" data-widget_type=\"animated-headline.default\">\n\t\t\t\t<div class=\"elementor-widget-container\">\n\t\t\t\t\t\t\t<h3 class=\"elementor-headline\">\n\t\t\t\t\t<span class=\"elementor-headline-plain-text elementor-headline-text-wrapper\">Nos meilleures<\/span>\n\t\t\t\t<span class=\"elementor-headline-dynamic-wrapper elementor-headline-text-wrapper\">\n\t\t\t\t\t<span class=\"elementor-headline-dynamic-text elementor-headline-text-active\">ventes !<\/span>\n\t\t\t\t<\/span>\n\t\t\t\t<\/h3>\n\t\t\t\t\t\t<\/div>\n\t\t\t\t<\/div>\n\t\t\t\t<div class=\"elementor-element elementor-element-2b675e6 elementor-grid-3 elementor-grid-mobile-1 elementor-grid-tablet-3 elementor-products-grid elementor-wc-products elementor-widget elementor-widget-woocommerce-products\" data-id=\"2b675e6\" data-element_type=\"widget\" data-widget_type=\"woocommerce-products.default\">\n\t\t\t\t<div class=\"elementor-widget-container\">\n\t\t\t\t\t<div class=\"woocommerce columns-3 \"><ul class=\"products elementor-grid columns-3\">\n<li class=\"product type-product post-63 status-publish first instock product_cat-non-classe has-post-thumbnail shipping-taxable purchasable product-type-simple\">\n\t<a href=\"https:\/\/dsg5217a.mmiweb.iut-tlse3.fr\/?product=ananas-seches\" class=\"woocommerce-LoopProduct-link woocommerce-loop-product__link\"><img fetchpriority=\"high\" decoding=\"async\" width=\"300\" height=\"300\" src=\"https:\/\/dsg5217a.mmiweb.iut-tlse3.fr\/wp-content\/uploads\/2025\/01\/ananas-deshydrate-300x300.jpg\" class=\"attachment-woocommerce_thumbnail size-woocommerce_thumbnail\" alt=\"\" srcset=\"https:\/\/dsg5217a.mmiweb.iut-tlse3.fr\/wp-content\/uploads\/2025\/01\/ananas-deshydrate-300x300.jpg 300w, https:\/\/dsg5217a.mmiweb.iut-tlse3.fr\/wp-content\/uploads\/2025\/01\/ananas-deshydrate-150x150.jpg 150w, https:\/\/dsg5217a.mmiweb.iut-tlse3.fr\/wp-content\/uploads\/2025\/01\/ananas-deshydrate-768x768.jpg 768w, https:\/\/dsg5217a.mmiweb.iut-tlse3.fr\/wp-content\/uploads\/2025\/01\/ananas-deshydrate-600x600.jpg 600w, https:\/\/dsg5217a.mmiweb.iut-tlse3.fr\/wp-content\/uploads\/2025\/01\/ananas-deshydrate-100x100.jpg 100w, https:\/\/dsg5217a.mmiweb.iut-tlse3.fr\/wp-content\/uploads\/2025\/01\/ananas-deshydrate.jpg 800w\" sizes=\"(max-width: 300px) 100vw, 300px\" \/><h2 class=\"woocommerce-loop-product__title\">Ananas s\u00e9ch\u00e9s<\/h2>\n\t<span class=\"price\"><span class=\"woocommerce-Price-amount amount\"><bdi>2,50&nbsp;<span class=\"woocommerce-Price-currencySymbol\">&euro;<\/span><\/bdi><\/span><\/span>\n<\/a><a href=\"?add-to-cart=63\" aria-describedby=\"woocommerce_loop_add_to_cart_link_describedby_63\" data-quantity=\"1\" class=\"button wp-element-button product_type_simple add_to_cart_button ajax_add_to_cart\" data-product_id=\"63\" data-product_sku=\"\" aria-label=\"Ajouter au panier\u00a0: &ldquo;Ananas s\u00e9ch\u00e9s&rdquo;\" rel=\"nofollow\" data-success_message=\"\u00ab\u00a0Ananas s\u00e9ch\u00e9s\u00a0\u00bb a \u00e9t\u00e9 ajout\u00e9 \u00e0 votre panier\">Ajouter au panier<\/a>\t<span id=\"woocommerce_loop_add_to_cart_link_describedby_63\" class=\"screen-reader-text\">\n\t\t\t<\/span>\n<\/li>\n<li class=\"product type-product post-66 status-publish instock product_cat-non-classe has-post-thumbnail shipping-taxable purchasable product-type-simple\">\n\t<a href=\"https:\/\/dsg5217a.mmiweb.iut-tlse3.fr\/?product=chips-de-banane\" class=\"woocommerce-LoopProduct-link woocommerce-loop-product__link\"><img decoding=\"async\" width=\"300\" height=\"300\" src=\"https:\/\/dsg5217a.mmiweb.iut-tlse3.fr\/wp-content\/uploads\/2025\/01\/chips-banane-300x300.png\" class=\"attachment-woocommerce_thumbnail size-woocommerce_thumbnail\" alt=\"\" srcset=\"https:\/\/dsg5217a.mmiweb.iut-tlse3.fr\/wp-content\/uploads\/2025\/01\/chips-banane-300x300.png 300w, https:\/\/dsg5217a.mmiweb.iut-tlse3.fr\/wp-content\/uploads\/2025\/01\/chips-banane-150x150.png 150w, https:\/\/dsg5217a.mmiweb.iut-tlse3.fr\/wp-content\/uploads\/2025\/01\/chips-banane-768x768.png 768w, https:\/\/dsg5217a.mmiweb.iut-tlse3.fr\/wp-content\/uploads\/2025\/01\/chips-banane-600x600.png 600w, https:\/\/dsg5217a.mmiweb.iut-tlse3.fr\/wp-content\/uploads\/2025\/01\/chips-banane-100x100.png 100w, https:\/\/dsg5217a.mmiweb.iut-tlse3.fr\/wp-content\/uploads\/2025\/01\/chips-banane.png 1000w\" sizes=\"(max-width: 300px) 100vw, 300px\" \/><h2 class=\"woocommerce-loop-product__title\">Chips de banane<\/h2>\n\t<span class=\"price\"><span class=\"woocommerce-Price-amount amount\"><bdi>0,75&nbsp;<span class=\"woocommerce-Price-currencySymbol\">&euro;<\/span><\/bdi><\/span><\/span>\n<\/a><a href=\"?add-to-cart=66\" aria-describedby=\"woocommerce_loop_add_to_cart_link_describedby_66\" data-quantity=\"1\" class=\"button wp-element-button product_type_simple add_to_cart_button ajax_add_to_cart\" data-product_id=\"66\" data-product_sku=\"\" aria-label=\"Ajouter au panier\u00a0: &ldquo;Chips de banane&rdquo;\" rel=\"nofollow\" data-success_message=\"\u00ab\u00a0Chips de banane\u00a0\u00bb a \u00e9t\u00e9 ajout\u00e9 \u00e0 votre panier\">Ajouter au panier<\/a>\t<span id=\"woocommerce_loop_add_to_cart_link_describedby_66\" class=\"screen-reader-text\">\n\t\t\t<\/span>\n<\/li>\n<li class=\"product type-product post-15 status-publish last instock product_cat-fruits has-post-thumbnail shipping-taxable purchasable product-type-simple\">\n\t<a href=\"https:\/\/dsg5217a.mmiweb.iut-tlse3.fr\/?product=banane\" class=\"woocommerce-LoopProduct-link woocommerce-loop-product__link\"><img decoding=\"async\" width=\"300\" height=\"300\" src=\"https:\/\/dsg5217a.mmiweb.iut-tlse3.fr\/wp-content\/uploads\/2025\/01\/iStock_000007671231Large-e1565725651658-300x300.jpg\" class=\"attachment-woocommerce_thumbnail size-woocommerce_thumbnail\" alt=\"\" srcset=\"https:\/\/dsg5217a.mmiweb.iut-tlse3.fr\/wp-content\/uploads\/2025\/01\/iStock_000007671231Large-e1565725651658-300x300.jpg 300w, https:\/\/dsg5217a.mmiweb.iut-tlse3.fr\/wp-content\/uploads\/2025\/01\/iStock_000007671231Large-e1565725651658-150x150.jpg 150w, https:\/\/dsg5217a.mmiweb.iut-tlse3.fr\/wp-content\/uploads\/2025\/01\/iStock_000007671231Large-e1565725651658-100x100.jpg 100w\" sizes=\"(max-width: 300px) 100vw, 300px\" \/><h2 class=\"woocommerce-loop-product__title\">Bananes<\/h2>\n\t<span class=\"price\"><span class=\"woocommerce-Price-amount amount\"><bdi>1,30&nbsp;<span class=\"woocommerce-Price-currencySymbol\">&euro;<\/span><\/bdi><\/span><\/span>\n<\/a><a href=\"?add-to-cart=15\" aria-describedby=\"woocommerce_loop_add_to_cart_link_describedby_15\" data-quantity=\"1\" class=\"button wp-element-button product_type_simple add_to_cart_button ajax_add_to_cart\" data-product_id=\"15\" data-product_sku=\"\" aria-label=\"Ajouter au panier\u00a0: &ldquo;Bananes&rdquo;\" rel=\"nofollow\" data-success_message=\"\u00ab\u00a0Bananes\u00a0\u00bb a \u00e9t\u00e9 ajout\u00e9 \u00e0 votre panier\">Ajouter au panier<\/a>\t<span id=\"woocommerce_loop_add_to_cart_link_describedby_15\" class=\"screen-reader-text\">\n\t\t\t<\/span>\n<\/li>\n<\/ul>\n<\/div>\t\t\t\t<\/div>\n\t\t\t\t<\/div>\n\t\t<div class=\"elementor-element elementor-element-0bb66af e-flex e-con-boxed e-con e-child\" data-id=\"0bb66af\" data-element_type=\"container\" data-settings=\"{&quot;background_background&quot;:&quot;classic&quot;}\">\n\t\t\t\t\t<div class=\"e-con-inner\">\n\t\t\t\t<div class=\"elementor-element elementor-element-1b6b6f3 elementor-widget elementor-widget-heading\" data-id=\"1b6b6f3\" data-element_type=\"widget\" data-widget_type=\"heading.default\">\n\t\t\t\t<div class=\"elementor-widget-container\">\n\t\t\t\t\t<h2 class=\"elementor-heading-title elementor-size-default\">Qui sommes-nous ?<\/h2>\t\t\t\t<\/div>\n\t\t\t\t<\/div>\n\t\t\t\t<div class=\"elementor-element elementor-element-235c9c6 elementor-widget elementor-widget-text-editor\" data-id=\"235c9c6\" data-element_type=\"widget\" data-widget_type=\"text-editor.default\">\n\t\t\t\t<div class=\"elementor-widget-container\">\n\t\t\t\t\t\t\t\t\t<p>Nous sommes une petite entreprise sp\u00e9cialis\u00e9e dans la vente de fruits et l\u00e9gumes en ligne \u00e0 petits prix, pour cela nous travaillons avec des agriculteurs dans le monde entier. Nous nous sommes \u00e9galement engag\u00e9s \u00e0 produire le moins de d\u00e9chets possible pour notre belle plan\u00e8te et par extension pour vous aussi \ud83d\ude09 !<\/p>\t\t\t\t\t\t\t\t<\/div>\n\t\t\t\t<\/div>\n\t\t\t\t<div class=\"elementor-element elementor-element-0e2e0ca elementor-align-center elementor-widget elementor-widget-button\" data-id=\"0e2e0ca\" data-element_type=\"widget\" data-widget_type=\"button.default\">\n\t\t\t\t<div class=\"elementor-widget-container\">\n\t\t\t\t\t\t\t\t\t<div class=\"elementor-button-wrapper\">\n\t\t\t\t\t<a class=\"elementor-button elementor-button-link elementor-size-sm\" href=\"https:\/\/dsg5217a.mmiweb.iut-tlse3.fr\/?page_id=2\">\n\t\t\t\t\t\t<span class=\"elementor-button-content-wrapper\">\n\t\t\t\t\t\t\t\t\t<span class=\"elementor-button-text\">Voir plus<\/span>\n\t\t\t\t\t<\/span>\n\t\t\t\t\t<\/a>\n\t\t\t\t<\/div>\n\t\t\t\t\t\t\t\t<\/div>\n\t\t\t\t<\/div>\n\t\t\t\t\t<\/div>\n\t\t\t\t<\/div>\n\t\t\t\t<\/div>\n\t\t\t\t<\/div>\n\t\t\t\t<\/div>\n\t\t","protected":false},"excerpt":{"rendered":"<p>Les meilleurs des fruits et l\u00e9gumes \u00e0 petits prix ! Nos meilleures ventes ! Qui sommes-nous ? Nous sommes une petite entreprise sp\u00e9cialis\u00e9e dans la vente de fruits et l\u00e9gumes en ligne \u00e0 petits prix, pour cela nous travaillons avec des agriculteurs dans le monde entier. Nous nous sommes \u00e9galement engag\u00e9s \u00e0 produire le moins [&hellip;]<\/p>\n","protected":false},"author":1,"featured_media":0,"parent":0,"menu_order":0,"comment_status":"closed","ping_status":"closed","template":"","meta":{"_acf_changed":false,"_seopress_robots_primary_cat":"","_seopress_titles_title":"","_seopress_titles_desc":"","_seopress_robots_index":"","footnotes":""},"class_list":["post-80","page","type-page","status-publish","hentry"],"acf":[],"_links":{"self":[{"href":"https:\/\/dsg5217a.mmiweb.iut-tlse3.fr\/index.php?rest_route=\/wp\/v2\/pages\/80","targetHints":{"allow":["GET"]}}],"collection":[{"href":"https:\/\/dsg5217a.mmiweb.iut-tlse3.fr\/index.php?rest_route=\/wp\/v2\/pages"}],"about":[{"href":"https:\/\/dsg5217a.mmiweb.iut-tlse3.fr\/index.php?rest_route=\/wp\/v2\/types\/page"}],"author":[{"embeddable":true,"href":"https:\/\/dsg5217a.mmiweb.iut-tlse3.fr\/index.php?rest_route=\/wp\/v2\/users\/1"}],"replies":[{"embeddable":true,"href":"https:\/\/dsg5217a.mmiweb.iut-tlse3.fr\/index.php?rest_route=%2Fwp%2Fv2%2Fcomments&post=80"}],"version-history":[{"count":28,"href":"https:\/\/dsg5217a.mmiweb.iut-tlse3.fr\/index.php?rest_route=\/wp\/v2\/pages\/80\/revisions"}],"predecessor-version":[{"id":191,"href":"https:\/\/dsg5217a.mmiweb.iut-tlse3.fr\/index.php?rest_route=\/wp\/v2\/pages\/80\/revisions\/191"}],"wp:attachment":[{"href":"https:\/\/dsg5217a.mmiweb.iut-tlse3.fr\/index.php?rest_route=%2Fwp%2Fv2%2Fmedia&parent=80"}],"curies":[{"name":"wp","href":"https:\/\/api.w.org\/{rel}","templated":true}]}}